{"id":36566,"date":"2021-05-06T09:31:50","date_gmt":"2021-05-06T06:31:50","guid":{"rendered":"https:\/\/metropolcard.com\/uye-isyeri-basvurusu\/"},"modified":"2023-11-23T19:28:28","modified_gmt":"2023-11-23T16:28:28","slug":"affiliated-company-application-2","status":"publish","type":"page","link":"https:\/\/metropolcard.com\/en\/i-want-to-be-an-affiliated-company\/","title":{"rendered":"I Want to Be an Affiliated Company"},"content":{"rendered":"<div class=\"wpb-content-wrapper\"><p>[vc_row][vc_column]\n\t\t\t<!-- START Uye Is Yeri Yeni REVOLUTION SLIDER 6.7.40 --><p class=\"rs-p-wp-fix\"><\/p>\n\t\t\t<rs-module-wrap id=\"rev_slider_20_1_wrapper\" data-source=\"gallery\" style=\"visibility:hidden;background:transparent;padding:0;margin:0px auto;margin-top:0;margin-bottom:0;\">\n\t\t\t\t<rs-module id=\"rev_slider_20_1\" style=\"\" data-version=\"6.7.40\">\n\t\t\t\t\t<rs-slides style=\"overflow: hidden; position: absolute;\">\n\t\t\t\t\t\t<rs-slide style=\"position: absolute;\" data-key=\"rs-34\" data-title=\"uyeisyeri\" data-anim=\"ms:1000;r:0;\" data-in=\"o:0;\" data-out=\"a:false;\">\n\t\t\t\t\t\t\t<img decoding=\"async\" src=\"\/\/metropolcard.com\/wp-content\/plugins\/revslider\/sr6\/assets\/assets\/dummy.png\" alt=\"uyeisyeri\" title=\"I Want to Be an Affiliated Company\" class=\"rev-slidebg tp-rs-img rs-lazyload\" data-lazyload=\"\/\/metropolcard.com\/wp-content\/plugins\/revslider\/sr6\/assets\/assets\/transparent.png\" data-parallax=\"off\" data-no-retina>\n<!--\n\t\t\t\t\t\t\t--><rs-layer\n\t\t\t\t\t\t\t\tid=\"slider-20-slide-34-layer-20\" \n\t\t\t\t\t\t\t\tdata-type=\"image\"\n\t\t\t\t\t\t\t\tdata-xy=\"x:l,l,c,c;xo:0,0,-8px,-4px;y:m;yo:0,0,-242px,-174px;\"\n\t\t\t\t\t\t\t\tdata-text=\"w:normal;s:20,16,12,7;l:0,20,15,9;\"\n\t\t\t\t\t\t\t\tdata-dim=\"w:530px,530px,517px,420px;h:332px,332px,324px,263px;\"\n\t\t\t\t\t\t\t\tdata-rsp_o=\"off\"\n\t\t\t\t\t\t\t\tdata-rsp_bd=\"off\"\n\t\t\t\t\t\t\t\tdata-frame_999=\"o:0;st:w;\"\n\t\t\t\t\t\t\t\tstyle=\"z-index:5;\"\n\t\t\t\t\t\t\t><img decoding=\"async\" src=\"\/\/metropolcard.com\/wp-content\/plugins\/revslider\/sr6\/assets\/assets\/dummy.png\" alt=\"\" class=\"tp-rs-img rs-lazyload\" width=\"712\" height=\"446\" data-lazyload=\"\/\/metropolcard.com\/wp-content\/uploads\/2021\/12\/metropol-harita.png\" data-no-retina> \n\t\t\t\t\t\t\t<\/rs-layer><!--\n\n\t\t\t\t\t\t\t--><rs-layer\n\t\t\t\t\t\t\t\tid=\"slider-20-slide-34-layer-22\" \n\t\t\t\t\t\t\t\tdata-type=\"text\"\n\t\t\t\t\t\t\t\tdata-color=\"#000000\"\n\t\t\t\t\t\t\t\tdata-rsp_ch=\"on\"\n\t\t\t\t\t\t\t\tdata-xy=\"x:r,r,c,c;xo:0,-2px,0,-9px;yo:26px,33px,329px,420px;\"\n\t\t\t\t\t\t\t\tdata-text=\"w:normal;s:50,38,50,30;l:60,45,83,40;fw:500;\"\n\t\t\t\t\t\t\t\tdata-dim=\"w:626px,479px,657px,421px;minh:0,none,none,none;\"\n\t\t\t\t\t\t\t\tdata-frame_0=\"x:0,0px,0px,0px;y:-100%;\"\n\t\t\t\t\t\t\t\tdata-frame_0_mask=\"u:t;x:0,0px,0px,0px;y:0,0px,0px,0px;\"\n\t\t\t\t\t\t\t\tdata-frame_1=\"x:0,0px,0px,0px;y:0,0px,0px,0px;st:600;sp:1000;\"\n\t\t\t\t\t\t\t\tdata-frame_1_mask=\"u:t;x:0,0px,0px,0px;y:0,0px,0px,0px;\"\n\t\t\t\t\t\t\t\tdata-frame_999=\"o:0;st:w;\"\n\t\t\t\t\t\t\t\tstyle=\"z-index:6;font-family:'Montserrat';\"\n\t\t\t\t\t\t\t>MetropolCard \u00dcye \u0130\u015f Yeri Olanlar Kazan\u0131yor!<br \/>\n \n\t\t\t\t\t\t\t<\/rs-layer><!--\n\n\t\t\t\t\t\t\t--><rs-layer\n\t\t\t\t\t\t\t\tid=\"slider-20-slide-34-layer-24\" \n\t\t\t\t\t\t\t\tdata-type=\"text\"\n\t\t\t\t\t\t\t\tdata-color=\"#000000\"\n\t\t\t\t\t\t\t\tdata-rsp_ch=\"on\"\n\t\t\t\t\t\t\t\tdata-xy=\"x:r,r,c,c;xo:0,29px,0,-6px;yo:157px,140px,518px,533px;\"\n\t\t\t\t\t\t\t\tdata-text=\"w:normal;s:27,19,27,19;l:35,25,38,31;fw:500;\"\n\t\t\t\t\t\t\t\tdata-dim=\"w:619px,448px,696px,429px;h:auto,auto,221px,auto;\"\n\t\t\t\t\t\t\t\tdata-frame_0=\"x:0,0px,0px,0px;y:-100%;\"\n\t\t\t\t\t\t\t\tdata-frame_0_mask=\"u:t;x:0,0px,0px,0px;y:0,0px,0px,0px;\"\n\t\t\t\t\t\t\t\tdata-frame_1=\"x:0,0px,0px,0px;y:0,0px,0px,0px;st:600;sp:1200;\"\n\t\t\t\t\t\t\t\tdata-frame_1_mask=\"u:t;x:0,0px,0px,0px;y:0,0px,0px,0px;\"\n\t\t\t\t\t\t\t\tdata-frame_999=\"o:0;st:w;\"\n\t\t\t\t\t\t\t\tstyle=\"z-index:7;font-family:'Montserrat';\"\n\t\t\t\t\t\t\t>Metropolcard\u2019\u0131n 50 bini a\u015fk\u0131n \u00fcye i\u015fyeri 1 milyon \u00fczeri kart kullan\u0131c\u0131s\u0131yla bulu\u015fuyor. \u00dcyelerimize \u00f6zel sundu\u011fumuz avantajlardan yararlanmak ve Metropolcard ailesine kat\u0131larak i\u015fletmenizi b\u00fcy\u00fctmek i\u00e7in hemen ba\u015fvurun! \n\t\t\t\t\t\t\t<\/rs-layer><!--\n-->\t\t\t\t\t<\/rs-slide>\n\t\t\t\t\t<\/rs-slides>\n\t\t\t\t<\/rs-module>\n\t\t\t\t<script>\n\t\t\t\t\tsetREVStartSize({c: 'rev_slider_20_1',rl:[1240,1024,778,480],el:[420,420,800,800],gw:[1230,1024,778,480],gh:[420,420,800,800],type:'standard',justify:'',layout:'fullwidth',mh:\"770\"});if (window.RS_MODULES!==undefined && window.RS_MODULES.modules!==undefined && window.RS_MODULES.modules[\"revslider201\"]!==undefined) {window.RS_MODULES.modules[\"revslider201\"].once = false;window.revapi20 = undefined;if (window.RS_MODULES.checkMinimal!==undefined) window.RS_MODULES.checkMinimal()}\n\t\t\t\t<\/script>\n\t\t\t<\/rs-module-wrap>\n\t\t\t<!-- END REVOLUTION SLIDER -->\n[\/vc_column][\/vc_row][vc_row full_width=&#8221;stretch_row&#8221; custom_border_color=&#8221;#494949&#8243; background_color=&#8221;custom&#8221; custom_background_color=&#8221;#f9f9f9&#8243;][vc_column width=&#8221;1\/2&#8243;][tm_spacer size=&#8221;lg:60&#8243;][vc_btn title=&#8221;Application Form&#8221; style=&#8221;outline-custom&#8221; outline_custom_color=&#8221;#f33030&#8243; outline_custom_hover_background=&#8221;#ff5757&#8243; outline_custom_hover_text=&#8221;#ffffff&#8221; size=&#8221;lg&#8221; align=&#8221;center&#8221; button_block=&#8221;true&#8221; link=&#8221;url:https%3A%2F%2Fmetropolcard.com%2Fen%2Faffiliated-company-application%2F&#8221; el_class=&#8221;uyeolbuton&#8221;][vc_column_text css_animation=&#8221;none&#8221;]<\/p>\n<div class=\"wp-block-column\" style=\"margin-bottom: 50px;\">\n<p>You can apply to become our affiliated company and ensure to be got in contact by filling up the form with your institution&#8217;s information.<\/p>\n<\/div>\n<p>[\/vc_column_text][tm_spacer size=&#8221;lg:30&#8243;][\/vc_column][vc_column width=&#8221;1\/2&#8243; custom_border_color=&#8221;#4f4f4f&#8221;][tm_spacer size=&#8221;lg:60&#8243;][vc_btn title=&#8221;Quick Affiliate Agreement&#8221; style=&#8221;outline-custom&#8221; outline_custom_color=&#8221;#f33030&#8243; outline_custom_hover_background=&#8221;#ff5757&#8243; outline_custom_hover_text=&#8221;#ffffff&#8221; size=&#8221;lg&#8221; align=&#8221;center&#8221; button_block=&#8221;true&#8221; link=&#8221;url:http%3A%2F%2Fmetropolcard.com%2Fen%2Ffast-affiliation&#8221; el_class=&#8221;uyeolbuton&#8221;][vc_column_text css_animation=&#8221;none&#8221; css=&#8221;.vc_custom_1699314161598{border-radius: 5px !important;}&#8221;]<\/p>\n<div class=\"wp-block-column\" style=\"margin-bottom: 23px;\">\n<p>Without wasting time, you can fill up your affiliate agreement online and start your sales immediately by downloading our mobile pos-app to your mobile phone with the user information sent to your number!<\/p>\n<\/div>\n<p>[\/vc_column_text][tm_spacer size=&#8221;lg:30&#8243;][\/vc_column][\/vc_row][vc_row][vc_column][tm_spacer size=&#8221;lg:60&#8243;][tm_box_large_image style=&#8221;04&#8243; image_size=&#8221;full&#8221; animation=&#8221;none&#8221; border_color=&#8221;primary&#8221; image=&#8221;9151&#8243;][tm_spacer size=&#8221;lg:30&#8243;][\/vc_column][\/vc_row][vc_row full_width=&#8221;stretch_row&#8221; custom_border_color=&#8221;#494949&#8243;][vc_column width=&#8221;7\/12&#8243;][tm_popup_video style=&#8221;poster-02&#8243; image_size=&#8221;full&#8221; video=&#8221;https:\/\/www.youtube.com\/watch?v=0OHBtNH6h10&#8243; poster=&#8221;12823&#8243;][\/vc_column][vc_column width=&#8221;5\/12&#8243; custom_border_color=&#8221;#4f4f4f&#8221;][tm_heading custom_google_font=&#8221;&#8221; google_fonts=&#8221;font_family:Montserrat%3Aregular%2C700|font_style:400%20regular%3A400%3Anormal&#8221;]Get Payments Easily with MetropolPos Advantages![\/tm_heading][vc_column_text]<strong>MetropolPos Mobile App Guide contains guidance on how you can use the app, receive payments and easily take all your other actions. In comparison to other pos machines, MetropolPos eliminates extra costs such as maintenance, repair and paper. It is at your service with many payment options, which are completely free of charge!<\/strong>[\/vc_column_text][\/vc_column][\/vc_row][vc_row disable_element=&#8221;yes&#8221;][vc_column width=&#8221;1\/2&#8243;][tm_box_large_image style=&#8221;03&#8243; image_size=&#8221;full&#8221; animation=&#8221;none&#8221; image=&#8221;10066&#8243;][\/vc_column][vc_column width=&#8221;1\/2&#8243;][tm_box_large_image style=&#8221;03&#8243; image_size=&#8221;full&#8221; animation=&#8221;none&#8221; image=&#8221;10065&#8243;][\/vc_column][\/vc_row]<\/p>\n<\/div>","protected":false},"excerpt":{"rendered":"<p>[vc_row][vc_column][\/vc_column][\/vc_row][vc_row full_width=&#8221;stretch_row&#8221; custom_border_color=&#8221;#494949&#8243; background_color=&#8221;custom&#8221; custom_background_color=&#8221;#f9f9f9&#8243;][vc_column width=&#8221;1\/2&#8243;][tm_spacer size=&#8221;lg:60&#8243;][vc_btn title=&#8221;Application Form&#8221; style=&#8221;outline-custom&#8221; outline_custom_color=&#8221;#f33030&#8243; outline_custom_hover_background=&#8221;#ff5757&#8243; outline_custom_hover_text=&#8221;#ffffff&#8221; size=&#8221;lg&#8221; align=&#8221;center&#8221; button_block=&#8221;true&#8221; link=&#8221;url:https%3A%2F%2Fmetropolcard.com%2Fen%2Faffiliated-company-application%2F&#8221; el_class=&#8221;uyeolbuton&#8221;][vc_column_text css_animation=&#8221;none&#8221;] You can apply to become our affiliated company and ensure to be got in contact by filling up the form with your institution&#8217;s information. [\/vc_column_text][tm_spacer size=&#8221;lg:30&#8243;][\/vc_column][vc_column width=&#8221;1\/2&#8243; custom_border_color=&#8221;#4f4f4f&#8221;][tm_spacer size=&#8221;lg:60&#8243;][vc_btn title=&#8221;Quick Affiliate Agreement&#8221; style=&#8221;outline-custom&#8221; outline_custom_color=&#8221;#f33030&#8243; outline_custom_hover_background=&#8221;#ff5757&#8243; outline_custom_hover_text=&#8221;#ffffff&#8221; size=&#8221;lg&#8221; align=&#8221;center&#8221; button_block=&#8221;true&#8221; link=&#8221;url:http%3A%2F%2Fmetropolcard.com%2Fen%2Ffast-affiliation&#8221; el_class=&#8221;uyeolbuton&#8221;][vc_column_text css_animation=&#8221;none&#8221; css=&#8221;.vc_custom_1699314161598{border-radius: 5px !important;}&#8221;] Without wasting time, you can fill up your affiliate agreement online and start your sales immediately by downloading our mobile pos-app to your mobile phone with the user information sent to your number! [\/vc_column_text][tm_spacer size=&#8221;lg:30&#8243;][\/vc_column][\/vc_row][vc_row][vc_column][tm_spacer size=&#8221;lg:60&#8243;][tm_box_large_image style=&#8221;04&#8243; image_size=&#8221;full&#8221; animation=&#8221;none&#8221; border_color=&#8221;primary&#8221; image=&#8221;9151&#8243;][tm_spacer size=&#8221;lg:30&#8243;][\/vc_column][\/vc_row][vc_row full_width=&#8221;stretch_row&#8221; custom_border_color=&#8221;#494949&#8243;][vc_column width=&#8221;7\/12&#8243;][tm_popup_video style=&#8221;poster-02&#8243; image_size=&#8221;full&#8221; video=&#8221;https:\/\/www.youtube.com\/watch?v=0OHBtNH6h10&#8243; poster=&#8221;12823&#8243;][\/vc_column][vc_column width=&#8221;5\/12&#8243; custom_border_color=&#8221;#4f4f4f&#8221;][tm_heading custom_google_font=&#8221;&#8221; google_fonts=&#8221;font_family:Montserrat%3Aregular%2C700|font_style:400%20regular%3A400%3Anormal&#8221;]Get Payments Easily with MetropolPos Advantages![\/tm_heading][vc_column_text]MetropolPos Mobile App Guide contains guidance on how you can use the app, receive payments and easily take all your other actions. In comparison to other pos machines, MetropolPos eliminates extra costs such as maintenance, repair and paper. It is at your service with many payment options, which are completely free of charge![\/vc_column_text][\/vc_column][\/vc_row][vc_row disable_element=&#8221;yes&#8221;][vc_column width=&#8221;1\/2&#8243;][tm_box_large_image style=&#8221;03&#8243; image_size=&#8221;full&#8221; animation=&#8221;none&#8221; image=&#8221;10066&#8243;][\/vc_column][vc_column width=&#8221;1\/2&#8243;][tm_box_large_image style=&#8221;03&#8243; image_size=&#8221;full&#8221; animation=&#8221;none&#8221; image=&#8221;10065&#8243;][\/vc_column][\/vc_row]<\/p>\n","protected":false},"author":1,"featured_media":0,"parent":0,"menu_order":0,"comment_status":"closed","ping_status":"closed","template":"","meta":{"inline_featured_image":false,"footnotes":""},"class_list":["post-36566","page","type-page","status-publish","hentry","post-no-thumbnail"],"yoast_head":"<!-- This site is optimized with the Yoast SEO Premium plugin v21.2 (Yoast SEO v27.5) - https:\/\/yoast.com\/product\/yoast-seo-premium-wordpress\/ -->\n<title>Application Form: MetropolCard Affiliated Company Form<\/title>\n<meta name=\"description\" content=\"Without wasting time, you can fill up your affiliate agreement online and start your sales immediately by downloading our pos-app!\" \/>\n<meta name=\"robots\" content=\"index, follow, max-snippet:-1, max-image-preview:large, max-video-preview:-1\" \/>\n<link rel=\"canonical\" href=\"https:\/\/metropolcard.com\/en\/i-want-to-be-an-affiliated-company\/\" \/>\n<meta property=\"og:locale\" content=\"en_US\" \/>\n<meta property=\"og:type\" content=\"article\" \/>\n<meta property=\"og:title\" content=\"I Want to Be an Affiliated Company\" \/>\n<meta property=\"og:description\" content=\"Without wasting time, you can fill up your affiliate agreement online and start your sales immediately by downloading our pos-app!\" \/>\n<meta property=\"og:url\" content=\"https:\/\/metropolcard.com\/en\/i-want-to-be-an-affiliated-company\/\" \/>\n<meta property=\"og:site_name\" content=\"MetropolCard | Yemek kart\u0131, yak\u0131t kart\u0131, hediye kart\u0131, yemek \u00e7eki\" \/>\n<meta property=\"article:modified_time\" content=\"2023-11-23T16:28:28+00:00\" \/>\n<meta name=\"twitter:card\" content=\"summary_large_image\" \/>\n<meta name=\"twitter:label1\" content=\"Est. reading time\" \/>\n\t<meta name=\"twitter:data1\" content=\"2 minutes\" \/>\n<!-- \/ Yoast SEO Premium plugin. -->","yoast_head_json":{"title":"Application Form: MetropolCard Affiliated Company Form","description":"Without wasting time, you can fill up your affiliate agreement online and start your sales immediately by downloading our pos-app!","robots":{"index":"index","follow":"follow","max-snippet":"max-snippet:-1","max-image-preview":"max-image-preview:large","max-video-preview":"max-video-preview:-1"},"canonical":"https:\/\/metropolcard.com\/en\/i-want-to-be-an-affiliated-company\/","og_locale":"en_US","og_type":"article","og_title":"I Want to Be an Affiliated Company","og_description":"Without wasting time, you can fill up your affiliate agreement online and start your sales immediately by downloading our pos-app!","og_url":"https:\/\/metropolcard.com\/en\/i-want-to-be-an-affiliated-company\/","og_site_name":"MetropolCard | Yemek kart\u0131, yak\u0131t kart\u0131, hediye kart\u0131, yemek \u00e7eki","article_modified_time":"2023-11-23T16:28:28+00:00","twitter_card":"summary_large_image","twitter_misc":{"Est. reading time":"2 minutes"},"schema":{"@context":"https:\/\/schema.org","@graph":[{"@type":"WebPage","@id":"https:\/\/metropolcard.com\/en\/i-want-to-be-an-affiliated-company\/","url":"https:\/\/metropolcard.com\/en\/i-want-to-be-an-affiliated-company\/","name":"Application Form: MetropolCard Affiliated Company Form","isPartOf":{"@id":"https:\/\/metropolcard.com\/en\/#website"},"datePublished":"2021-05-06T06:31:50+00:00","dateModified":"2023-11-23T16:28:28+00:00","description":"Without wasting time, you can fill up your affiliate agreement online and start your sales immediately by downloading our pos-app!","breadcrumb":{"@id":"https:\/\/metropolcard.com\/en\/i-want-to-be-an-affiliated-company\/#breadcrumb"},"inLanguage":"en-US","potentialAction":[{"@type":"ReadAction","target":["https:\/\/metropolcard.com\/en\/i-want-to-be-an-affiliated-company\/"]}]},{"@type":"BreadcrumbList","@id":"https:\/\/metropolcard.com\/en\/i-want-to-be-an-affiliated-company\/#breadcrumb","itemListElement":[{"@type":"ListItem","position":1,"name":"Anasayfa","item":"https:\/\/metropolcard.com\/en\/"},{"@type":"ListItem","position":2,"name":"I Want to Be an Affiliated Company"}]},{"@type":"WebSite","@id":"https:\/\/metropolcard.com\/en\/#website","url":"https:\/\/metropolcard.com\/en\/","name":"MetropolCard | Yemek kart\u0131, yak\u0131t kart\u0131, hediye kart\u0131, yemek \u00e7eki","description":"MetropolCard Yemek kart\u0131, yemek kuponu, yemek \u00e7eki, yak\u0131t kart\u0131 hizmetleri ak\u0131ll\u0131 c\u00fczdan \u00f6zelli\u011fi sayesinde tek bir kart ile t\u00fcm harcamalar\u0131n\u0131z\u0131 yapabilir, online olarak anl\u0131k takip edebilirsiniz.","publisher":{"@id":"https:\/\/metropolcard.com\/en\/#organization"},"potentialAction":[{"@type":"SearchAction","target":{"@type":"EntryPoint","urlTemplate":"https:\/\/metropolcard.com\/en\/?s={search_term_string}"},"query-input":{"@type":"PropertyValueSpecification","valueRequired":true,"valueName":"search_term_string"}}],"inLanguage":"en-US"},{"@type":"Organization","@id":"https:\/\/metropolcard.com\/en\/#organization","name":"MetropolCard: Yemek, Yak\u0131t ve Hediye Kart\u0131","url":"https:\/\/metropolcard.com\/en\/","logo":{"@type":"ImageObject","inLanguage":"en-US","@id":"https:\/\/metropolcard.com\/en\/#\/schema\/logo\/image\/","url":"https:\/\/metropolcard.com\/wp-content\/uploads\/2021\/06\/logo-yazi-web-olcu.png","contentUrl":"https:\/\/metropolcard.com\/wp-content\/uploads\/2021\/06\/logo-yazi-web-olcu.png","width":866,"height":544,"caption":"MetropolCard: Yemek, Yak\u0131t ve Hediye Kart\u0131"},"image":{"@id":"https:\/\/metropolcard.com\/en\/#\/schema\/logo\/image\/"}}]}},"_links":{"self":[{"href":"https:\/\/metropolcard.com\/en\/wp-json\/wp\/v2\/pages\/36566","targetHints":{"allow":["GET"]}}],"collection":[{"href":"https:\/\/metropolcard.com\/en\/wp-json\/wp\/v2\/pages"}],"about":[{"href":"https:\/\/metropolcard.com\/en\/wp-json\/wp\/v2\/types\/page"}],"author":[{"embeddable":true,"href":"https:\/\/metropolcard.com\/en\/wp-json\/wp\/v2\/users\/1"}],"replies":[{"embeddable":true,"href":"https:\/\/metropolcard.com\/en\/wp-json\/wp\/v2\/comments?post=36566"}],"version-history":[{"count":0,"href":"https:\/\/metropolcard.com\/en\/wp-json\/wp\/v2\/pages\/36566\/revisions"}],"wp:attachment":[{"href":"https:\/\/metropolcard.com\/en\/wp-json\/wp\/v2\/media?parent=36566"}],"curies":[{"name":"wp","href":"https:\/\/api.w.org\/{rel}","templated":true}]}}